{"id":12,"date":"2026-05-12T15:07:03","date_gmt":"2026-05-12T15:07:03","guid":{"rendered":"https:\/\/urbandancestudio.fr\/?page_id=12"},"modified":"2026-05-14T08:25:21","modified_gmt":"2026-05-14T08:25:21","slug":"urban-dance-studio","status":"publish","type":"page","link":"https:\/\/urbandancestudio.fr\/index.php\/urban-dance-studio\/","title":{"rendered":"L&#8217;\u00e9cole"},"content":{"rendered":"<div class=\"et_pb_section_0 et_pb_section et_section_regular et_flex_section section_has_divider et_pb_bottom_divider\">\n<div class=\"et_pb_row_0 et_pb_row et_flex_row\">\n<div class=\"et_pb_column_0 et_pb_column et-last-child et_flex_column et_pb_css_mix_blend_mode_passthrough et_flex_column_24_24 et_flex_column_24_24_tablet et_flex_column_24_24_phone et_flex_column_24_24_widescreen et_flex_column_24_24_ultraWide\">\n<div class=\"et_pb_text_0 et_pb_text et_pb_bg_layout_light et_animated et_pb_module et_flex_module\"><div class=\"et_pb_text_inner\"><h1>L\u2019\u00e9cole de<\/h1>\n<\/div><\/div>\n\n<div class=\"et_pb_text_1 et_pb_text et_pb_bg_layout_light et_animated et_pb_module et_flex_module\"><div class=\"et_pb_text_inner\"><h2>danse<\/h2>\n<\/div><\/div>\n\n<div class=\"et_pb_text_2 et_pb_text et_pb_bg_layout_light et_animated et_pb_module et_flex_module et_flex_column_24_24 et_flex_column_24_24_tablet et_flex_column_24_24_phone et_flex_column_24_24_widescreen et_flex_column_24_24_ultraWide\"><div class=\"et_pb_text_inner\"><h2>15 rue des deux S\u00e8vres,<br \/>49280 la S\u00e9guini\u00e8re<\/h2>\n<\/div><\/div>\n<\/div>\n<\/div>\n<div class=\"et_pb_bottom_inside_divider et-no-transition\"><\/div><\/div>\n\n<div class=\"et_pb_section_1 et_pb_section et_section_regular et_flex_section\">\n<div class=\"et_pb_row_1 et_pb_row et_flex_row\">\n<div class=\"et_pb_column_1 et_pb_column et-last-child et_flex_column et_pb_css_mix_blend_mode_passthrough et_flex_column_24_24 et_flex_column_24_24_tablet et_flex_column_24_24_phone et_flex_column_24_24_widescreen et_flex_column_24_24_ultraWide\">\n<div class=\"et_pb_image_0 et_pb_image et_pb_module et_flex_module\"><span class=\"et_pb_image_wrap\"><img loading=\"lazy\" decoding=\"async\" src=\"https:\/\/urbandancestudio.fr\/wp-content\/uploads\/2026\/05\/Logo_urban_dance_studio.png\" title=\"Logo_urban_dance_studio\" width=\"2513\" height=\"746\" srcset=\"https:\/\/urbandancestudio.fr\/wp-content\/uploads\/2026\/05\/Logo_urban_dance_studio.png 2513w, https:\/\/urbandancestudio.fr\/wp-content\/uploads\/2026\/05\/Logo_urban_dance_studio-1280x380.png 1280w, https:\/\/urbandancestudio.fr\/wp-content\/uploads\/2026\/05\/Logo_urban_dance_studio-980x291.png 980w, https:\/\/urbandancestudio.fr\/wp-content\/uploads\/2026\/05\/Logo_urban_dance_studio-480x142.png 480w\" sizes=\"(min-width: 0px) and (max-width: 480px) 480px, (min-width: 481px) and (max-width: 980px) 980px, (min-width: 981px) and (max-width: 1280px) 1280px, (min-width: 1281px) 2513px, 100vw\" class=\"wp-image-38\" \/><\/span><\/div>\n\n<div class=\"et_pb_text_3 et_pb_text et_pb_bg_layout_light et_pb_module et_flex_module\"><div class=\"et_pb_text_inner\"><p>Lorem ipsum dolor sit amet, consectetur adipiscing elit. Suspendisse non purus tincidunt, accumsan sapien sed, tempus felis. Curabitur sit amet ullamcorper quam.a Lorem ipsum dolor sit amet, consectetur adipiscing elit. Suspendisse non purus tincidunt, accumsan sapien sed, tempus felis. Curabitur sit amet ullamcorper quam.aLorem ipsum dolor sit amet, consectetur adipiscing elit. Suspendisse non purus tincidunt, accumsan sapien sed, tempus felis. Curabitur sit amet ullamcorper quam.a<\/p>\n<\/div><\/div>\n\n<div class=\"et_pb_group_0 et_pb_group et-last-child et_pb_module et_flex_group et_pb_css_mix_blend_mode_passthrough\">\n<div class=\"et_pb_module et_pb_button_module_wrapper et_pb_button_0_wrapper\"><a class=\"et_pb_button_0 et_pb_button et_pb_bg_layout_light et_pb_module et_flex_module\" href=\"\">Je r\u00e9serve mon cours<\/a><\/div>\n<\/div>\n<\/div>\n<\/div>\n\n<div class=\"et_pb_row_2 et_pb_row et_flex_row\">\n<div class=\"et_pb_column_2 et_pb_column et-last-child et_flex_column et_pb_css_mix_blend_mode_passthrough et_flex_column_24_24 et_flex_column_24_24_tablet et_flex_column_24_24_phone et_flex_column_24_24_widescreen et_flex_column_24_24_ultraWide\">\n<div class=\"et_pb_image_1 et_pb_image et_pb_module et_flex_module\"><span class=\"et_pb_image_wrap\"><img loading=\"lazy\" decoding=\"async\" src=\"https:\/\/urbandancestudio.fr\/wp-content\/uploads\/2026\/05\/urbandancestudio-cholet-ecole-scaled.png\" title=\"urbandancestudio-cholet-ecole\" width=\"2560\" height=\"1038\" srcset=\"https:\/\/urbandancestudio.fr\/wp-content\/uploads\/2026\/05\/urbandancestudio-cholet-ecole-scaled.png 2560w, https:\/\/urbandancestudio.fr\/wp-content\/uploads\/2026\/05\/urbandancestudio-cholet-ecole-1280x519.png 1280w, https:\/\/urbandancestudio.fr\/wp-content\/uploads\/2026\/05\/urbandancestudio-cholet-ecole-980x397.png 980w, https:\/\/urbandancestudio.fr\/wp-content\/uploads\/2026\/05\/urbandancestudio-cholet-ecole-480x195.png 480w\" sizes=\"(min-width: 0px) and (max-width: 480px) 480px, (min-width: 481px) and (max-width: 980px) 980px, (min-width: 981px) and (max-width: 1280px) 1280px, (min-width: 1281px) 2560px, 100vw\" class=\"wp-image-296\" \/><\/span><\/div>\n<\/div>\n<\/div>\n<\/div>\n\n<div class=\"et_pb_section_2 et_pb_section et_section_regular et_flex_section\">\n<div class=\"et_pb_row_3 et_pb_row et_flex_row\">\n<div class=\"et_pb_column_3 et_pb_column et_flex_column et_pb_css_mix_blend_mode_passthrough et_flex_column_12_24 et_flex_column_12_24_tablet et_flex_column_24_24_phone et_flex_column_12_24_widescreen et_flex_column_12_24_ultraWide\">\n<div class=\"et_pb_text_4 et_pb_text et_pb_bg_layout_light et_pb_module et_flex_module\"><div class=\"et_pb_text_inner\"><p>\u00c9v\u00e9nement \u00e0 venir<\/p>\n<\/div><\/div>\n\n<div class=\"et_pb_text_5 et_pb_text et_pb_bg_layout_light et_pb_module et_flex_module\"><div class=\"et_pb_text_inner\"><h4>Stage<br \/>Dancehall<\/h4>\n<\/div><\/div>\n\n<div class=\"et_pb_text_6 et_pb_text et_pb_bg_layout_light et_pb_module et_flex_module\"><div class=\"et_pb_text_inner\"><p>14h - 16h<\/p>\n<\/div><\/div>\n\n<div class=\"et_pb_heading_0 et_pb_heading et_pb_module et_flex_module\"><div class=\"et_pb_heading_container\"><h5 class=\"et_pb_module_header\">Samedi 23 avril<\/h5><\/div><\/div>\n\n<div class=\"et_pb_text_7 et_pb_text et_pb_bg_layout_light et_pb_module et_flex_module\"><div class=\"et_pb_text_inner\"><p>Tous Niveaux<\/p>\n<\/div><\/div>\n\n<div class=\"et_pb_text_8 et_pb_text et_pb_bg_layout_light et_pb_module et_flex_module\"><div class=\"et_pb_text_inner\"><p>\u00a0Lorem ipsum dolor sit amet, consectetur adipiscing elit. Suspendisse non purus tincidunt, accumsan sapien sed, tempus felis. Curabitur sit amet ullamcorper quam. Vivamus ultrices ligula nec augue finibus, id consequat tellus sollicitudin. Sed non neque vitae arcu scelerisque auctor a a ante.<\/p>\n<\/div><\/div>\n\n<div class=\"et_pb_module et_pb_button_module_wrapper et_pb_button_1_wrapper\"><a class=\"et_pb_button_1 et_pb_button et_pb_bg_layout_light et_pb_module et_flex_module\" href=\"\">Je m&#039;inscris<\/a><\/div>\n<\/div>\n\n<div class=\"et_pb_column_4 et_pb_column et-last-child et_flex_column et_pb_column_empty et_pb_css_mix_blend_mode_passthrough et_flex_column_12_24 et_flex_column_12_24_tablet et_flex_column_24_24_phone et_flex_column_12_24_widescreen et_flex_column_12_24_ultraWide\"><\/div>\n<\/div>\n<\/div>\n\n<div class=\"et_pb_section_3 et_pb_section et_section_regular et_flex_section\">\n<div class=\"et_pb_row_4 et_pb_row et_flex_row\">\n<div class=\"et_pb_column_5 et_pb_column et-last-child et_flex_column et_pb_css_mix_blend_mode_passthrough et_flex_column_24_24 et_flex_column_24_24_tablet et_flex_column_24_24_phone et_flex_column_24_24_widescreen et_flex_column_24_24_ultraWide\">\n<div class=\"et_pb_text_9 et_pb_text et_pb_bg_layout_light et_pb_module et_flex_module preset--group--divi-text--divi-scroll-settings--h3v3niz--s328iyyeem\"><div class=\"et_pb_text_inner\"><h4>Les Techniques<\/h4>\n<\/div><\/div>\n\n<div class=\"et_pb_text_10 et_pb_text et_pb_bg_layout_light et_pb_module et_flex_module preset--group--divi-text--divi-scroll-settings--h3v3niz--s328iyyeem\"><div class=\"et_pb_text_inner\"><p>Enseign\u00e9s<\/p>\n<\/div><\/div>\n<\/div>\n<\/div>\n\n<div class=\"et_pb_row_5 et_pb_row et_flex_row\">\n<div class=\"et_pb_column_6 et_pb_column et_flex_column et_pb_css_mix_blend_mode_passthrough et_flex_column_8_24 et_flex_column_8_24_tablet et_flex_column_24_24_phone et_flex_column_8_24_widescreen et_flex_column_8_24_ultraWide\">\n<div class=\"et_pb_heading_1 et_pb_heading et_pb_module et_flex_module preset--module--divi-heading--irecrcb4yp\"><div class=\"et_pb_heading_container\"><h6 class=\"et_pb_module_header\">Hip Hop Commercial<\/h6><\/div><\/div>\n\n<div class=\"et_pb_text_11 et_pb_text et_pb_bg_layout_light et_pb_module et_flex_module preset--module--divi-text--i4d3rpik97\"><div class=\"et_pb_text_inner\"><p>Your content goes here. Edit or remove this text inline or in the module Content settings. You can also style every aspect of this content in the module Design settings and even apply custom CSS to this text in the module Advanced settings.<\/p>\n<\/div><\/div>\n<\/div>\n\n<div class=\"et_pb_column_7 et_pb_column et_flex_column et_pb_css_mix_blend_mode_passthrough et_flex_column_8_24 et_flex_column_8_24_tablet et_flex_column_24_24_phone et_flex_column_8_24_widescreen et_flex_column_8_24_ultraWide\">\n<div class=\"et_pb_heading_2 et_pb_heading et_pb_module et_flex_module preset--module--divi-heading--rr5macojbk preset--module--divi-heading--irecrcb4yp\"><div class=\"et_pb_heading_container\"><h6 class=\"et_pb_module_header\">DAncehall<\/h6><\/div><\/div>\n\n<div class=\"et_pb_text_12 et_pb_text et_pb_bg_layout_light et_pb_module et_flex_module preset--module--divi-text--i4d3rpik97\"><div class=\"et_pb_text_inner\"><p>Your content goes here. Edit or remove this text inline or in the module Content settings. You can also style every aspect of this content in the module Design settings and even apply custom CSS to this text in the module Advanced settings.<\/p>\n<\/div><\/div>\n<\/div>\n\n<div class=\"et_pb_column_8 et_pb_column et-last-child et_flex_column et_pb_css_mix_blend_mode_passthrough et_flex_column_8_24 et_flex_column_8_24_tablet et_flex_column_24_24_phone et_flex_column_8_24_widescreen et_flex_column_8_24_ultraWide\">\n<div class=\"et_pb_heading_3 et_pb_heading et_pb_module et_flex_module preset--module--divi-heading--irecrcb4yp\"><div class=\"et_pb_heading_container\"><h6 class=\"et_pb_module_header\">Street jazz<\/h6><\/div><\/div>\n\n<div class=\"et_pb_text_13 et_pb_text et_pb_bg_layout_light et_pb_module et_flex_module preset--module--divi-text--i4d3rpik97\"><div class=\"et_pb_text_inner\"><p>Your content goes here. Edit or remove this text inline or in the module Content settings. You can also style every aspect of this content in the module Design settings and even apply custom CSS to this text in the module Advanced settings.<\/p>\n<\/div><\/div>\n<\/div>\n<\/div>\n\n<div class=\"et_pb_row_6 et_pb_row et_flex_row\">\n<div class=\"et_pb_column_9 et_pb_column et_flex_column et_pb_css_mix_blend_mode_passthrough et_flex_column_8_24 et_flex_column_8_24_tablet et_flex_column_24_24_phone et_flex_column_8_24_widescreen et_flex_column_8_24_ultraWide\">\n<div class=\"et_pb_heading_4 et_pb_heading et_pb_module et_flex_module preset--module--divi-heading--rr5macojbk preset--module--divi-heading--irecrcb4yp\"><div class=\"et_pb_heading_container\"><h6 class=\"et_pb_module_header\">KPOP<\/h6><\/div><\/div>\n\n<div class=\"et_pb_text_14 et_pb_text et_pb_bg_layout_light et_pb_module et_flex_module preset--module--divi-text--i4d3rpik97\"><div class=\"et_pb_text_inner\"><p>Your content goes here. Edit or remove this text inline or in the module Content settings. You can also style every aspect of this content in the module Design settings and even apply custom CSS to this text in the module Advanced settings.<\/p>\n<\/div><\/div>\n<\/div>\n\n<div class=\"et_pb_column_10 et_pb_column et_flex_column et_pb_css_mix_blend_mode_passthrough et_flex_column_8_24 et_flex_column_8_24_tablet et_flex_column_24_24_phone et_flex_column_8_24_widescreen et_flex_column_8_24_ultraWide\">\n<div class=\"et_pb_heading_5 et_pb_heading et_pb_module et_flex_module preset--module--divi-heading--irecrcb4yp\"><div class=\"et_pb_heading_container\"><h6 class=\"et_pb_module_header\">Afro<\/h6><\/div><\/div>\n\n<div class=\"et_pb_text_15 et_pb_text et_pb_bg_layout_light et_pb_module et_flex_module preset--module--divi-text--i4d3rpik97\"><div class=\"et_pb_text_inner\"><p>Your content goes here. Edit or remove this text inline or in the module Content settings. You can also style every aspect of this content in the module Design settings and even apply custom CSS to this text in the module Advanced settings.<\/p>\n<\/div><\/div>\n<\/div>\n\n<div class=\"et_pb_column_11 et_pb_column et-last-child et_flex_column et_pb_css_mix_blend_mode_passthrough et_flex_column_8_24 et_flex_column_8_24_tablet et_flex_column_24_24_phone et_flex_column_8_24_widescreen et_flex_column_8_24_ultraWide\">\n<div class=\"et_pb_heading_6 et_pb_heading et_pb_module et_flex_module preset--module--divi-heading--irecrcb4yp\"><div class=\"et_pb_heading_container\"><h6 class=\"et_pb_module_header\">PILATE<\/h6><\/div><\/div>\n\n<div class=\"et_pb_text_16 et_pb_text et_pb_bg_layout_light et_pb_module et_flex_module preset--module--divi-text--i4d3rpik97\"><div class=\"et_pb_text_inner\"><p>Your content goes here. Edit or remove this text inline or in the module Content settings. You can also style every aspect of this content in the module Design settings and even apply custom CSS to this text in the module Advanced settings.<\/p>\n<\/div><\/div>\n<\/div>\n<\/div>\n\n<div class=\"et_pb_row_7 et_pb_row et_flex_row\">\n<div class=\"et_pb_column_12 et_pb_column et_flex_column et_pb_css_mix_blend_mode_passthrough et_flex_column_8_24 et_flex_column_8_24_tablet et_flex_column_24_24_phone et_flex_column_8_24_widescreen et_flex_column_8_24_ultraWide\">\n<div class=\"et_pb_heading_7 et_pb_heading et_pb_module et_flex_module preset--module--divi-heading--irecrcb4yp\"><div class=\"et_pb_heading_container\"><h6 class=\"et_pb_module_header\">Heels<\/h6><\/div><\/div>\n\n<div class=\"et_pb_text_17 et_pb_text et_pb_bg_layout_light et_pb_module et_flex_module preset--module--divi-text--i4d3rpik97\"><div class=\"et_pb_text_inner\"><p>Your content goes here. Edit or remove this text inline or in the module Content settings. You can also style every aspect of this content in the module Design settings and even apply custom CSS to this text in the module Advanced settings.<\/p>\n<\/div><\/div>\n<\/div>\n\n<div class=\"et_pb_column_13 et_pb_column et_flex_column et_pb_css_mix_blend_mode_passthrough et_flex_column_8_24 et_flex_column_8_24_tablet et_flex_column_24_24_phone et_flex_column_8_24_widescreen et_flex_column_8_24_ultraWide\">\n<div class=\"et_pb_heading_8 et_pb_heading et_pb_module et_flex_module preset--module--divi-heading--rr5macojbk preset--module--divi-heading--irecrcb4yp\"><div class=\"et_pb_heading_container\"><h6 class=\"et_pb_module_header\">ZUmba<\/h6><\/div><\/div>\n\n<div class=\"et_pb_text_18 et_pb_text et_pb_bg_layout_light et_pb_module et_flex_module preset--module--divi-text--i4d3rpik97\"><div class=\"et_pb_text_inner\"><p>Your content goes here. Edit or remove this text inline or in the module Content settings. You can also style every aspect of this content in the module Design settings and even apply custom CSS to this text in the module Advanced settings.<\/p>\n<\/div><\/div>\n<\/div>\n\n<div class=\"et_pb_column_14 et_pb_column et-last-child et_flex_column et_pb_css_mix_blend_mode_passthrough et_flex_column_8_24 et_flex_column_8_24_tablet et_flex_column_24_24_phone et_flex_column_8_24_widescreen et_flex_column_8_24_ultraWide\">\n<div class=\"et_pb_heading_9 et_pb_heading et_pb_module et_flex_module preset--module--divi-heading--irecrcb4yp\"><div class=\"et_pb_heading_container\"><h6 class=\"et_pb_module_header\">Heels technique<\/h6><\/div><\/div>\n\n<div class=\"et_pb_text_19 et_pb_text et_pb_bg_layout_light et_pb_module et_flex_module preset--module--divi-text--i4d3rpik97\"><div class=\"et_pb_text_inner\"><p>Your content goes here. Edit or remove this text inline or in the module Content settings. You can also style every aspect of this content in the module Design settings and even apply custom CSS to this text in the module Advanced settings.<\/p>\n<\/div><\/div>\n<\/div>\n<\/div>\n<\/div>","protected":false},"excerpt":{"rendered":"","protected":false},"author":1,"featured_media":0,"parent":0,"menu_order":0,"comment_status":"closed","ping_status":"closed","template":"","meta":{"footnotes":""},"class_list":["post-12","page","type-page","status-publish","hentry"],"yoast_head":"<!-- This site is optimized with the Yoast SEO plugin v27.6 - https:\/\/yoast.com\/product\/yoast-seo-wordpress\/ -->\n<title>L&#039;\u00e9cole - WordPress<\/title>\n<meta name=\"robots\" content=\"index, follow, max-snippet:-1, max-image-preview:large, max-video-preview:-1\" \/>\n<link rel=\"canonical\" href=\"https:\/\/urbandancestudio.fr\/index.php\/urban-dance-studio\/\" \/>\n<meta property=\"og:locale\" content=\"en_US\" \/>\n<meta property=\"og:type\" content=\"article\" \/>\n<meta property=\"og:title\" content=\"L&#039;\u00e9cole - WordPress\" \/>\n<meta property=\"og:url\" content=\"https:\/\/urbandancestudio.fr\/index.php\/urban-dance-studio\/\" \/>\n<meta property=\"og:site_name\" content=\"WordPress\" \/>\n<meta property=\"article:modified_time\" content=\"2026-05-14T08:25:21+00:00\" \/>\n<meta name=\"twitter:card\" content=\"summary_large_image\" \/>\n<script type=\"application\/ld+json\" class=\"yoast-schema-graph\">{\"@context\":\"https:\\\/\\\/schema.org\",\"@graph\":[{\"@type\":\"WebPage\",\"@id\":\"https:\\\/\\\/urbandancestudio.fr\\\/index.php\\\/urban-dance-studio\\\/\",\"url\":\"https:\\\/\\\/urbandancestudio.fr\\\/index.php\\\/urban-dance-studio\\\/\",\"name\":\"L'\u00e9cole - WordPress\",\"isPartOf\":{\"@id\":\"https:\\\/\\\/urbandancestudio.fr\\\/#website\"},\"datePublished\":\"2026-05-12T15:07:03+00:00\",\"dateModified\":\"2026-05-14T08:25:21+00:00\",\"breadcrumb\":{\"@id\":\"https:\\\/\\\/urbandancestudio.fr\\\/index.php\\\/urban-dance-studio\\\/#breadcrumb\"},\"inLanguage\":\"en-US\",\"potentialAction\":[{\"@type\":\"ReadAction\",\"target\":[\"https:\\\/\\\/urbandancestudio.fr\\\/index.php\\\/urban-dance-studio\\\/\"]}]},{\"@type\":\"BreadcrumbList\",\"@id\":\"https:\\\/\\\/urbandancestudio.fr\\\/index.php\\\/urban-dance-studio\\\/#breadcrumb\",\"itemListElement\":[{\"@type\":\"ListItem\",\"position\":1,\"name\":\"Home\",\"item\":\"https:\\\/\\\/urbandancestudio.fr\\\/\"},{\"@type\":\"ListItem\",\"position\":2,\"name\":\"L&#8217;\u00e9cole\"}]},{\"@type\":\"WebSite\",\"@id\":\"https:\\\/\\\/urbandancestudio.fr\\\/#website\",\"url\":\"https:\\\/\\\/urbandancestudio.fr\\\/\",\"name\":\"WordPress\",\"description\":\"\",\"potentialAction\":[{\"@type\":\"SearchAction\",\"target\":{\"@type\":\"EntryPoint\",\"urlTemplate\":\"https:\\\/\\\/urbandancestudio.fr\\\/?s={search_term_string}\"},\"query-input\":{\"@type\":\"PropertyValueSpecification\",\"valueRequired\":true,\"valueName\":\"search_term_string\"}}],\"inLanguage\":\"en-US\"}]}<\/script>\n<!-- \/ Yoast SEO plugin. -->","yoast_head_json":{"title":"L'\u00e9cole - WordPress","robots":{"index":"index","follow":"follow","max-snippet":"max-snippet:-1","max-image-preview":"max-image-preview:large","max-video-preview":"max-video-preview:-1"},"canonical":"https:\/\/urbandancestudio.fr\/index.php\/urban-dance-studio\/","og_locale":"en_US","og_type":"article","og_title":"L'\u00e9cole - WordPress","og_url":"https:\/\/urbandancestudio.fr\/index.php\/urban-dance-studio\/","og_site_name":"WordPress","article_modified_time":"2026-05-14T08:25:21+00:00","twitter_card":"summary_large_image","schema":{"@context":"https:\/\/schema.org","@graph":[{"@type":"WebPage","@id":"https:\/\/urbandancestudio.fr\/index.php\/urban-dance-studio\/","url":"https:\/\/urbandancestudio.fr\/index.php\/urban-dance-studio\/","name":"L'\u00e9cole - WordPress","isPartOf":{"@id":"https:\/\/urbandancestudio.fr\/#website"},"datePublished":"2026-05-12T15:07:03+00:00","dateModified":"2026-05-14T08:25:21+00:00","breadcrumb":{"@id":"https:\/\/urbandancestudio.fr\/index.php\/urban-dance-studio\/#breadcrumb"},"inLanguage":"en-US","potentialAction":[{"@type":"ReadAction","target":["https:\/\/urbandancestudio.fr\/index.php\/urban-dance-studio\/"]}]},{"@type":"BreadcrumbList","@id":"https:\/\/urbandancestudio.fr\/index.php\/urban-dance-studio\/#breadcrumb","itemListElement":[{"@type":"ListItem","position":1,"name":"Home","item":"https:\/\/urbandancestudio.fr\/"},{"@type":"ListItem","position":2,"name":"L&#8217;\u00e9cole"}]},{"@type":"WebSite","@id":"https:\/\/urbandancestudio.fr\/#website","url":"https:\/\/urbandancestudio.fr\/","name":"WordPress","description":"","potentialAction":[{"@type":"SearchAction","target":{"@type":"EntryPoint","urlTemplate":"https:\/\/urbandancestudio.fr\/?s={search_term_string}"},"query-input":{"@type":"PropertyValueSpecification","valueRequired":true,"valueName":"search_term_string"}}],"inLanguage":"en-US"}]}},"_links":{"self":[{"href":"https:\/\/urbandancestudio.fr\/index.php\/wp-json\/wp\/v2\/pages\/12","targetHints":{"allow":["GET"]}}],"collection":[{"href":"https:\/\/urbandancestudio.fr\/index.php\/wp-json\/wp\/v2\/pages"}],"about":[{"href":"https:\/\/urbandancestudio.fr\/index.php\/wp-json\/wp\/v2\/types\/page"}],"author":[{"embeddable":true,"href":"https:\/\/urbandancestudio.fr\/index.php\/wp-json\/wp\/v2\/users\/1"}],"replies":[{"embeddable":true,"href":"https:\/\/urbandancestudio.fr\/index.php\/wp-json\/wp\/v2\/comments?post=12"}],"version-history":[{"count":131,"href":"https:\/\/urbandancestudio.fr\/index.php\/wp-json\/wp\/v2\/pages\/12\/revisions"}],"predecessor-version":[{"id":297,"href":"https:\/\/urbandancestudio.fr\/index.php\/wp-json\/wp\/v2\/pages\/12\/revisions\/297"}],"wp:attachment":[{"href":"https:\/\/urbandancestudio.fr\/index.php\/wp-json\/wp\/v2\/media?parent=12"}],"curies":[{"name":"wp","href":"https:\/\/api.w.org\/{rel}","templated":true}]}}